{"id":9612,"date":"2020-09-13T11:05:09","date_gmt":"2020-09-13T09:05:09","guid":{"rendered":"https:\/\/www.derniersou.fr\/?post_type=product&#038;p=9612"},"modified":"2025-05-14T13:47:54","modified_gmt":"2025-05-14T11:47:54","slug":"full-red-mini-baroudeur-black","status":"publish","type":"product","link":"https:\/\/www.derniersou.fr\/index.php\/produit\/full-red-mini-baroudeur-black\/","title":{"rendered":"FULL RED Mini Baroudeur black"},"content":{"rendered":"<p>Bracelet Rouge compos\u00e9 d&rsquo;une soixantaine de Noeuds Macram\u00e9. <\/p>\n<p>Corde d\u2019un diam\u00e8tre de 1mm<\/p>\n<p>Pi\u00e8ce de 10cts d\u2019un diam\u00e8tre de 20mm de couleur Noire<\/p>\n<p>Bracelet \u201cMade in France\u201d 100% fait main \u00e9labor\u00e9 et confectionn\u00e9 par nos soins dans notre Atelier.<\/p>\n<p>Notre bracelet est compos\u00e9 de paracorde et d\u2019une v\u00e9ritable pi\u00e8ce de monnaie du d\u00e9but du si\u00e8cle dernier.<\/p>\n<p>Les bracelets en paracorde sont r\u00e9sistants \u00e0 l\u2019eau.<\/p>\n<p>Nos bracelets sont ajustables gr\u00e2ce \u00e0 des noeuds Macram\u00e9 qui laisse place \u00e0 deux petits cordons de r\u00e9glage.<\/p>\n","protected":false},"excerpt":{"rendered":"<p>Bracelet FULL RED Mini Baroudeur en macram\u00e9 10cts noire<\/p>\n","protected":false},"featured_media":9611,"comment_status":"open","ping_status":"closed","template":"","meta":{"_mi_skip_tracking":false,"_exactmetrics_sitenote_active":false,"_exactmetrics_sitenote_note":"","_exactmetrics_sitenote_category":0,"jetpack_post_was_ever_published":false,"jetpack_publicize_message":"","jetpack_publicize_feature_enabled":true,"jetpack_social_post_already_shared":true,"jetpack_social_options":{"image_generator_settings":{"template":"highway","enabled":false}}},"product_brand":[],"product_cat":[38,15,40,53],"product_tag":[],"class_list":{"0":"post-9612","1":"product","2":"type-product","3":"status-publish","4":"has-post-thumbnail","6":"product_cat-collection-black","7":"product_cat-bracelets","8":"product_cat-mini-baroudeur","9":"product_cat-nouvelle-collection","11":"first","12":"instock","13":"shipping-taxable","14":"purchasable","15":"product-type-variable"},"jetpack_publicize_connections":[],"yoast_head":"<!-- This site is optimized with the Yoast SEO plugin v21.5 - https:\/\/yoast.com\/wordpress\/plugins\/seo\/ -->\n<title>FULL RED Mini Baroudeur black - LE DERNIER SOU<\/title>\n<meta name=\"robots\" content=\"index, follow, max-snippet:-1, max-image-preview:large, max-video-preview:-1\" \/>\n<link rel=\"canonical\" href=\"https:\/\/www.derniersou.fr\/index.php\/produit\/full-red-mini-baroudeur-black\/\" \/>\n<meta property=\"og:locale\" content=\"fr_FR\" \/>\n<meta property=\"og:type\" content=\"article\" \/>\n<meta property=\"og:title\" content=\"FULL RED Mini Baroudeur black - LE DERNIER SOU\" \/>\n<meta property=\"og:description\" content=\"Bracelet FULL RED Mini Baroudeur en macram\u00e9 10cts noire\" \/>\n<meta property=\"og:url\" content=\"https:\/\/www.derniersou.fr\/index.php\/produit\/full-red-mini-baroudeur-black\/\" \/>\n<meta property=\"og:site_name\" content=\"LE DERNIER SOU\" \/>\n<meta property=\"article:publisher\" content=\"https:\/\/www.facebook.com\/lederniersou\/\" \/>\n<meta property=\"article:modified_time\" content=\"2025-05-14T11:47:54+00:00\" \/>\n<meta property=\"og:image\" content=\"https:\/\/i0.wp.com\/www.derniersou.fr\/wp-content\/uploads\/2020\/06\/3E703B2C-517A-48FB-BDB8-198D302E22E4-min-scaled.jpeg?fit=2048%2C2560&ssl=1\" \/>\n\t<meta property=\"og:image:width\" content=\"2048\" \/>\n\t<meta property=\"og:image:height\" content=\"2560\" \/>\n\t<meta property=\"og:image:type\" content=\"image\/jpeg\" \/>\n<meta name=\"twitter:card\" content=\"summary_large_image\" \/>\n<script type=\"application\/ld+json\" class=\"yoast-schema-graph\">{\"@context\":\"https:\/\/schema.org\",\"@graph\":[{\"@type\":\"WebPage\",\"@id\":\"https:\/\/www.derniersou.fr\/index.php\/produit\/full-red-mini-baroudeur-black\/\",\"url\":\"https:\/\/www.derniersou.fr\/index.php\/produit\/full-red-mini-baroudeur-black\/\",\"name\":\"FULL RED Mini Baroudeur black - LE DERNIER SOU\",\"isPartOf\":{\"@id\":\"https:\/\/www.derniersou.fr\/#website\"},\"datePublished\":\"2020-09-13T09:05:09+00:00\",\"dateModified\":\"2025-05-14T11:47:54+00:00\",\"breadcrumb\":{\"@id\":\"https:\/\/www.derniersou.fr\/index.php\/produit\/full-red-mini-baroudeur-black\/#breadcrumb\"},\"inLanguage\":\"fr-FR\",\"potentialAction\":[{\"@type\":\"ReadAction\",\"target\":[\"https:\/\/www.derniersou.fr\/index.php\/produit\/full-red-mini-baroudeur-black\/\"]}]},{\"@type\":\"BreadcrumbList\",\"@id\":\"https:\/\/www.derniersou.fr\/index.php\/produit\/full-red-mini-baroudeur-black\/#breadcrumb\",\"itemListElement\":[{\"@type\":\"ListItem\",\"position\":1,\"name\":\"Accueil\",\"item\":\"https:\/\/www.derniersou.fr\/\"},{\"@type\":\"ListItem\",\"position\":2,\"name\":\"Boutique\",\"item\":\"https:\/\/www.derniersou.fr\/index.php\/boutique\/\"},{\"@type\":\"ListItem\",\"position\":3,\"name\":\"FULL RED Mini Baroudeur black\"}]},{\"@type\":\"WebSite\",\"@id\":\"https:\/\/www.derniersou.fr\/#website\",\"url\":\"https:\/\/www.derniersou.fr\/\",\"name\":\"LE DERNIER SOU\",\"description\":\"Fabriqu\u00e9 en France\",\"potentialAction\":[{\"@type\":\"SearchAction\",\"target\":{\"@type\":\"EntryPoint\",\"urlTemplate\":\"https:\/\/www.derniersou.fr\/?s={search_term_string}\"},\"query-input\":\"required name=search_term_string\"}],\"inLanguage\":\"fr-FR\"}]}<\/script>\n<!-- \/ Yoast SEO plugin. -->","yoast_head_json":{"title":"FULL RED Mini Baroudeur black - LE DERNIER SOU","robots":{"index":"index","follow":"follow","max-snippet":"max-snippet:-1","max-image-preview":"max-image-preview:large","max-video-preview":"max-video-preview:-1"},"canonical":"https:\/\/www.derniersou.fr\/index.php\/produit\/full-red-mini-baroudeur-black\/","og_locale":"fr_FR","og_type":"article","og_title":"FULL RED Mini Baroudeur black - LE DERNIER SOU","og_description":"Bracelet FULL RED Mini Baroudeur en macram\u00e9 10cts noire","og_url":"https:\/\/www.derniersou.fr\/index.php\/produit\/full-red-mini-baroudeur-black\/","og_site_name":"LE DERNIER SOU","article_publisher":"https:\/\/www.facebook.com\/lederniersou\/","article_modified_time":"2025-05-14T11:47:54+00:00","og_image":[{"width":2048,"height":2560,"url":"https:\/\/i0.wp.com\/www.derniersou.fr\/wp-content\/uploads\/2020\/06\/3E703B2C-517A-48FB-BDB8-198D302E22E4-min-scaled.jpeg?fit=2048%2C2560&ssl=1","type":"image\/jpeg"}],"twitter_card":"summary_large_image","schema":{"@context":"https:\/\/schema.org","@graph":[{"@type":"WebPage","@id":"https:\/\/www.derniersou.fr\/index.php\/produit\/full-red-mini-baroudeur-black\/","url":"https:\/\/www.derniersou.fr\/index.php\/produit\/full-red-mini-baroudeur-black\/","name":"FULL RED Mini Baroudeur black - LE DERNIER SOU","isPartOf":{"@id":"https:\/\/www.derniersou.fr\/#website"},"datePublished":"2020-09-13T09:05:09+00:00","dateModified":"2025-05-14T11:47:54+00:00","breadcrumb":{"@id":"https:\/\/www.derniersou.fr\/index.php\/produit\/full-red-mini-baroudeur-black\/#breadcrumb"},"inLanguage":"fr-FR","potentialAction":[{"@type":"ReadAction","target":["https:\/\/www.derniersou.fr\/index.php\/produit\/full-red-mini-baroudeur-black\/"]}]},{"@type":"BreadcrumbList","@id":"https:\/\/www.derniersou.fr\/index.php\/produit\/full-red-mini-baroudeur-black\/#breadcrumb","itemListElement":[{"@type":"ListItem","position":1,"name":"Accueil","item":"https:\/\/www.derniersou.fr\/"},{"@type":"ListItem","position":2,"name":"Boutique","item":"https:\/\/www.derniersou.fr\/index.php\/boutique\/"},{"@type":"ListItem","position":3,"name":"FULL RED Mini Baroudeur black"}]},{"@type":"WebSite","@id":"https:\/\/www.derniersou.fr\/#website","url":"https:\/\/www.derniersou.fr\/","name":"LE DERNIER SOU","description":"Fabriqu\u00e9 en France","potentialAction":[{"@type":"SearchAction","target":{"@type":"EntryPoint","urlTemplate":"https:\/\/www.derniersou.fr\/?s={search_term_string}"},"query-input":"required name=search_term_string"}],"inLanguage":"fr-FR"}]}},"jetpack_sharing_enabled":true,"jetpack-related-posts":[],"jetpack_likes_enabled":true,"_links":{"self":[{"href":"https:\/\/www.derniersou.fr\/index.php\/wp-json\/wp\/v2\/product\/9612","targetHints":{"allow":["GET"]}}],"collection":[{"href":"https:\/\/www.derniersou.fr\/index.php\/wp-json\/wp\/v2\/product"}],"about":[{"href":"https:\/\/www.derniersou.fr\/index.php\/wp-json\/wp\/v2\/types\/product"}],"replies":[{"embeddable":true,"href":"https:\/\/www.derniersou.fr\/index.php\/wp-json\/wp\/v2\/comments?post=9612"}],"wp:featuredmedia":[{"embeddable":true,"href":"https:\/\/www.derniersou.fr\/index.php\/wp-json\/wp\/v2\/media\/9611"}],"wp:attachment":[{"href":"https:\/\/www.derniersou.fr\/index.php\/wp-json\/wp\/v2\/media?parent=9612"}],"wp:term":[{"taxonomy":"product_brand","embeddable":true,"href":"https:\/\/www.derniersou.fr\/index.php\/wp-json\/wp\/v2\/product_brand?post=9612"},{"taxonomy":"product_cat","embeddable":true,"href":"https:\/\/www.derniersou.fr\/index.php\/wp-json\/wp\/v2\/product_cat?post=9612"},{"taxonomy":"product_tag","embeddable":true,"href":"https:\/\/www.derniersou.fr\/index.php\/wp-json\/wp\/v2\/product_tag?post=9612"}],"curies":[{"name":"wp","href":"https:\/\/api.w.org\/{rel}","templated":true}]}}