{"id":499,"date":"2017-11-17T12:02:31","date_gmt":"2017-11-17T11:02:31","guid":{"rendered":"https:\/\/derniersou.fr\/?post_type=product&#038;p=499"},"modified":"2017-11-17T12:05:27","modified_gmt":"2017-11-17T11:05:27","slug":"porte-cle-corde-usa","status":"publish","type":"product","link":"https:\/\/www.derniersou.fr\/index.php\/produit\/porte-cle-corde-usa\/","title":{"rendered":"Porte Cl\u00e9 corde USA"},"content":{"rendered":"<p>Porte Cl\u00e9 en Paracorde USA avec une pi\u00e8ce de 25cts<\/p>\n<p>Paracorde d&rsquo;un diam\u00e8tre de 3mm<\/p>\n<p>Pi\u00e8ce de 25cts d&rsquo;un diam\u00e8tre de 24mm<\/p>\n<p>Chaque porte cl\u00e9 est livr\u00e9 avec un petit anneau m\u00e9tallique.<\/p>\n","protected":false},"excerpt":{"rendered":"<p>Porte Cl\u00e9 en Paracorde USA Pi\u00e8ce 25cts<\/p>\n","protected":false},"featured_media":489,"comment_status":"open","ping_status":"closed","template":"","meta":{"_mi_skip_tracking":false,"_exactmetrics_sitenote_active":false,"_exactmetrics_sitenote_note":"","_exactmetrics_sitenote_category":0,"jetpack_post_was_ever_published":false,"jetpack_publicize_message":"","jetpack_publicize_feature_enabled":true,"jetpack_social_post_already_shared":true,"jetpack_social_options":{"image_generator_settings":{"template":"highway","enabled":false}}},"product_brand":[],"product_cat":[16,21],"product_tag":[],"class_list":{"0":"post-499","1":"product","2":"type-product","3":"status-publish","4":"has-post-thumbnail","6":"product_cat-porte-cles","7":"product_cat-porte-cles-corde","9":"first","10":"instock","11":"shipping-taxable","12":"purchasable","13":"product-type-simple"},"jetpack_publicize_connections":[],"yoast_head":"<!-- This site is optimized with the Yoast SEO plugin v21.5 - https:\/\/yoast.com\/wordpress\/plugins\/seo\/ -->\n<title>Porte Cl\u00e9 corde USA - LE DERNIER SOU<\/title>\n<meta name=\"robots\" content=\"index, follow, max-snippet:-1, max-image-preview:large, max-video-preview:-1\" \/>\n<link rel=\"canonical\" href=\"https:\/\/www.derniersou.fr\/index.php\/produit\/porte-cle-corde-usa\/\" \/>\n<meta property=\"og:locale\" content=\"fr_FR\" \/>\n<meta property=\"og:type\" content=\"article\" \/>\n<meta property=\"og:title\" content=\"Porte Cl\u00e9 corde USA - LE DERNIER SOU\" \/>\n<meta property=\"og:description\" content=\"Porte Cl\u00e9 en Paracorde USA Pi\u00e8ce 25cts\" \/>\n<meta property=\"og:url\" content=\"https:\/\/www.derniersou.fr\/index.php\/produit\/porte-cle-corde-usa\/\" \/>\n<meta property=\"og:site_name\" content=\"LE DERNIER SOU\" \/>\n<meta property=\"article:publisher\" content=\"https:\/\/www.facebook.com\/lederniersou\/\" \/>\n<meta property=\"article:modified_time\" content=\"2017-11-17T11:05:27+00:00\" \/>\n<meta property=\"og:image\" content=\"https:\/\/i0.wp.com\/www.derniersou.fr\/wp-content\/uploads\/2017\/10\/23593715_550671755278036_4439813579186483459_o.jpg?fit=1080%2C1080&ssl=1\" \/>\n\t<meta property=\"og:image:width\" content=\"1080\" \/>\n\t<meta property=\"og:image:height\" content=\"1080\" \/>\n\t<meta property=\"og:image:type\" content=\"image\/jpeg\" \/>\n<meta name=\"twitter:card\" content=\"summary_large_image\" \/>\n<script type=\"application\/ld+json\" class=\"yoast-schema-graph\">{\"@context\":\"https:\/\/schema.org\",\"@graph\":[{\"@type\":\"WebPage\",\"@id\":\"https:\/\/www.derniersou.fr\/index.php\/produit\/porte-cle-corde-usa\/\",\"url\":\"https:\/\/www.derniersou.fr\/index.php\/produit\/porte-cle-corde-usa\/\",\"name\":\"Porte Cl\u00e9 corde USA - LE DERNIER SOU\",\"isPartOf\":{\"@id\":\"https:\/\/www.derniersou.fr\/#website\"},\"datePublished\":\"2017-11-17T11:02:31+00:00\",\"dateModified\":\"2017-11-17T11:05:27+00:00\",\"breadcrumb\":{\"@id\":\"https:\/\/www.derniersou.fr\/index.php\/produit\/porte-cle-corde-usa\/#breadcrumb\"},\"inLanguage\":\"fr-FR\",\"potentialAction\":[{\"@type\":\"ReadAction\",\"target\":[\"https:\/\/www.derniersou.fr\/index.php\/produit\/porte-cle-corde-usa\/\"]}]},{\"@type\":\"BreadcrumbList\",\"@id\":\"https:\/\/www.derniersou.fr\/index.php\/produit\/porte-cle-corde-usa\/#breadcrumb\",\"itemListElement\":[{\"@type\":\"ListItem\",\"position\":1,\"name\":\"Accueil\",\"item\":\"https:\/\/www.derniersou.fr\/\"},{\"@type\":\"ListItem\",\"position\":2,\"name\":\"Boutique\",\"item\":\"https:\/\/www.derniersou.fr\/index.php\/boutique\/\"},{\"@type\":\"ListItem\",\"position\":3,\"name\":\"Porte Cl\u00e9 corde USA\"}]},{\"@type\":\"WebSite\",\"@id\":\"https:\/\/www.derniersou.fr\/#website\",\"url\":\"https:\/\/www.derniersou.fr\/\",\"name\":\"LE DERNIER SOU\",\"description\":\"Fabriqu\u00e9 en France\",\"potentialAction\":[{\"@type\":\"SearchAction\",\"target\":{\"@type\":\"EntryPoint\",\"urlTemplate\":\"https:\/\/www.derniersou.fr\/?s={search_term_string}\"},\"query-input\":\"required name=search_term_string\"}],\"inLanguage\":\"fr-FR\"}]}<\/script>\n<!-- \/ Yoast SEO plugin. -->","yoast_head_json":{"title":"Porte Cl\u00e9 corde USA - LE DERNIER SOU","robots":{"index":"index","follow":"follow","max-snippet":"max-snippet:-1","max-image-preview":"max-image-preview:large","max-video-preview":"max-video-preview:-1"},"canonical":"https:\/\/www.derniersou.fr\/index.php\/produit\/porte-cle-corde-usa\/","og_locale":"fr_FR","og_type":"article","og_title":"Porte Cl\u00e9 corde USA - LE DERNIER SOU","og_description":"Porte Cl\u00e9 en Paracorde USA Pi\u00e8ce 25cts","og_url":"https:\/\/www.derniersou.fr\/index.php\/produit\/porte-cle-corde-usa\/","og_site_name":"LE DERNIER SOU","article_publisher":"https:\/\/www.facebook.com\/lederniersou\/","article_modified_time":"2017-11-17T11:05:27+00:00","og_image":[{"width":"1080","height":"1080","url":"https:\/\/i0.wp.com\/www.derniersou.fr\/wp-content\/uploads\/2017\/10\/23593715_550671755278036_4439813579186483459_o.jpg?fit=1080%2C1080&ssl=1","type":"image\/jpeg"}],"twitter_card":"summary_large_image","schema":{"@context":"https:\/\/schema.org","@graph":[{"@type":"WebPage","@id":"https:\/\/www.derniersou.fr\/index.php\/produit\/porte-cle-corde-usa\/","url":"https:\/\/www.derniersou.fr\/index.php\/produit\/porte-cle-corde-usa\/","name":"Porte Cl\u00e9 corde USA - LE DERNIER SOU","isPartOf":{"@id":"https:\/\/www.derniersou.fr\/#website"},"datePublished":"2017-11-17T11:02:31+00:00","dateModified":"2017-11-17T11:05:27+00:00","breadcrumb":{"@id":"https:\/\/www.derniersou.fr\/index.php\/produit\/porte-cle-corde-usa\/#breadcrumb"},"inLanguage":"fr-FR","potentialAction":[{"@type":"ReadAction","target":["https:\/\/www.derniersou.fr\/index.php\/produit\/porte-cle-corde-usa\/"]}]},{"@type":"BreadcrumbList","@id":"https:\/\/www.derniersou.fr\/index.php\/produit\/porte-cle-corde-usa\/#breadcrumb","itemListElement":[{"@type":"ListItem","position":1,"name":"Accueil","item":"https:\/\/www.derniersou.fr\/"},{"@type":"ListItem","position":2,"name":"Boutique","item":"https:\/\/www.derniersou.fr\/index.php\/boutique\/"},{"@type":"ListItem","position":3,"name":"Porte Cl\u00e9 corde USA"}]},{"@type":"WebSite","@id":"https:\/\/www.derniersou.fr\/#website","url":"https:\/\/www.derniersou.fr\/","name":"LE DERNIER SOU","description":"Fabriqu\u00e9 en France","potentialAction":[{"@type":"SearchAction","target":{"@type":"EntryPoint","urlTemplate":"https:\/\/www.derniersou.fr\/?s={search_term_string}"},"query-input":"required name=search_term_string"}],"inLanguage":"fr-FR"}]}},"jetpack_sharing_enabled":true,"jetpack-related-posts":[],"jetpack_likes_enabled":true,"_links":{"self":[{"href":"https:\/\/www.derniersou.fr\/index.php\/wp-json\/wp\/v2\/product\/499","targetHints":{"allow":["GET"]}}],"collection":[{"href":"https:\/\/www.derniersou.fr\/index.php\/wp-json\/wp\/v2\/product"}],"about":[{"href":"https:\/\/www.derniersou.fr\/index.php\/wp-json\/wp\/v2\/types\/product"}],"replies":[{"embeddable":true,"href":"https:\/\/www.derniersou.fr\/index.php\/wp-json\/wp\/v2\/comments?post=499"}],"wp:featuredmedia":[{"embeddable":true,"href":"https:\/\/www.derniersou.fr\/index.php\/wp-json\/wp\/v2\/media\/489"}],"wp:attachment":[{"href":"https:\/\/www.derniersou.fr\/index.php\/wp-json\/wp\/v2\/media?parent=499"}],"wp:term":[{"taxonomy":"product_brand","embeddable":true,"href":"https:\/\/www.derniersou.fr\/index.php\/wp-json\/wp\/v2\/product_brand?post=499"},{"taxonomy":"product_cat","embeddable":true,"href":"https:\/\/www.derniersou.fr\/index.php\/wp-json\/wp\/v2\/product_cat?post=499"},{"taxonomy":"product_tag","embeddable":true,"href":"https:\/\/www.derniersou.fr\/index.php\/wp-json\/wp\/v2\/product_tag?post=499"}],"curies":[{"name":"wp","href":"https:\/\/api.w.org\/{rel}","templated":true}]}}