{"id":444,"date":"2017-11-16T09:47:42","date_gmt":"2017-11-16T08:47:42","guid":{"rendered":"https:\/\/derniersou.fr\/?post_type=product&#038;p=444"},"modified":"2022-02-11T00:00:26","modified_gmt":"2022-02-10T23:00:26","slug":"bracelet-daim-rouge","status":"publish","type":"product","link":"https:\/\/www.derniersou.fr\/index.php\/produit\/bracelet-daim-rouge\/","title":{"rendered":"Bracelet Daim Rouge"},"content":{"rendered":"<p>Bracelet Daim Rouge <\/p>\n<p>Cordon en Daim d\u2019une largeur de 3mm<\/p>\n<p>Pi\u00e8ce de 10cts d&rsquo;un diam\u00e8tre de 20mm<\/p>\n<p>Bracelet <strong>\u201cMade in France\u201d <\/strong>100% fait main \u00e9labor\u00e9 et confectionn\u00e9 par nos soins dans notre Atelier.<\/p>\n<p>Notre bracelet est compos\u00e9 d&rsquo;un cordon en daim et d\u2019une <strong>v\u00e9ritable <\/strong>pi\u00e8ce de monnaie du d\u00e9but du si\u00e8cle dernier.  <\/p>\n<p>Les bracelets en daim sont <strong>\u00e9l\u00e9gants<\/strong> et <strong>raffin\u00e9s<\/strong>. Les bracelets en daim sont r\u00e9sistants mais il faudra faire <strong>attention<\/strong> de ne pas le laisser trop longtemps au contact de l&rsquo;eau.<\/p>\n<p>Nos bracelets sont ajustables gr\u00e2ce \u00e0 des noeuds coulissants.<\/p>\n","protected":false},"excerpt":{"rendered":"<p>Bracelet en Daim Rouge Pi\u00e8ce de 10cts<\/p>\n","protected":false},"featured_media":436,"comment_status":"open","ping_status":"closed","template":"","meta":{"_mi_skip_tracking":false,"_exactmetrics_sitenote_active":false,"_exactmetrics_sitenote_note":"","_exactmetrics_sitenote_category":0,"jetpack_post_was_ever_published":false,"jetpack_publicize_message":"","jetpack_publicize_feature_enabled":true,"jetpack_social_post_already_shared":true,"jetpack_social_options":{"image_generator_settings":{"template":"highway","enabled":false}}},"product_brand":[],"product_cat":[15,18,61],"product_tag":[],"class_list":{"0":"post-444","1":"product","2":"type-product","3":"status-publish","4":"has-post-thumbnail","6":"product_cat-bracelets","7":"product_cat-bracelets-daim","8":"product_cat-soldes-2022","10":"first","11":"instock","12":"shipping-taxable","13":"purchasable","14":"product-type-variable"},"jetpack_publicize_connections":[],"yoast_head":"<!-- This site is optimized with the Yoast SEO plugin v21.5 - https:\/\/yoast.com\/wordpress\/plugins\/seo\/ -->\n<title>Bracelet Daim Rouge - LE DERNIER SOU<\/title>\n<meta name=\"robots\" content=\"index, follow, max-snippet:-1, max-image-preview:large, max-video-preview:-1\" \/>\n<link rel=\"canonical\" href=\"https:\/\/www.derniersou.fr\/index.php\/produit\/bracelet-daim-rouge\/\" \/>\n<meta property=\"og:locale\" content=\"fr_FR\" \/>\n<meta property=\"og:type\" content=\"article\" \/>\n<meta property=\"og:title\" content=\"Bracelet Daim Rouge - LE DERNIER SOU\" \/>\n<meta property=\"og:description\" content=\"Bracelet en Daim Rouge Pi\u00e8ce de 10cts\" \/>\n<meta property=\"og:url\" content=\"https:\/\/www.derniersou.fr\/index.php\/produit\/bracelet-daim-rouge\/\" \/>\n<meta property=\"og:site_name\" content=\"LE DERNIER SOU\" \/>\n<meta property=\"article:publisher\" content=\"https:\/\/www.facebook.com\/lederniersou\/\" \/>\n<meta property=\"article:modified_time\" content=\"2022-02-10T23:00:26+00:00\" \/>\n<meta property=\"og:image\" content=\"https:\/\/i0.wp.com\/www.derniersou.fr\/wp-content\/uploads\/2017\/11\/23632316_550169358661609_7861708798618104402_o.jpg?fit=1080%2C1080&ssl=1\" \/>\n\t<meta property=\"og:image:width\" content=\"1080\" \/>\n\t<meta property=\"og:image:height\" content=\"1080\" \/>\n\t<meta property=\"og:image:type\" content=\"image\/jpeg\" \/>\n<meta name=\"twitter:card\" content=\"summary_large_image\" \/>\n<meta name=\"twitter:label1\" content=\"Dur\u00e9e de lecture estim\u00e9e\" \/>\n\t<meta name=\"twitter:data1\" content=\"1 minute\" \/>\n<script type=\"application\/ld+json\" class=\"yoast-schema-graph\">{\"@context\":\"https:\/\/schema.org\",\"@graph\":[{\"@type\":\"WebPage\",\"@id\":\"https:\/\/www.derniersou.fr\/index.php\/produit\/bracelet-daim-rouge\/\",\"url\":\"https:\/\/www.derniersou.fr\/index.php\/produit\/bracelet-daim-rouge\/\",\"name\":\"Bracelet Daim Rouge - LE DERNIER SOU\",\"isPartOf\":{\"@id\":\"https:\/\/www.derniersou.fr\/#website\"},\"datePublished\":\"2017-11-16T08:47:42+00:00\",\"dateModified\":\"2022-02-10T23:00:26+00:00\",\"breadcrumb\":{\"@id\":\"https:\/\/www.derniersou.fr\/index.php\/produit\/bracelet-daim-rouge\/#breadcrumb\"},\"inLanguage\":\"fr-FR\",\"potentialAction\":[{\"@type\":\"ReadAction\",\"target\":[\"https:\/\/www.derniersou.fr\/index.php\/produit\/bracelet-daim-rouge\/\"]}]},{\"@type\":\"BreadcrumbList\",\"@id\":\"https:\/\/www.derniersou.fr\/index.php\/produit\/bracelet-daim-rouge\/#breadcrumb\",\"itemListElement\":[{\"@type\":\"ListItem\",\"position\":1,\"name\":\"Accueil\",\"item\":\"https:\/\/www.derniersou.fr\/\"},{\"@type\":\"ListItem\",\"position\":2,\"name\":\"Boutique\",\"item\":\"https:\/\/www.derniersou.fr\/index.php\/boutique\/\"},{\"@type\":\"ListItem\",\"position\":3,\"name\":\"Bracelet Daim Rouge\"}]},{\"@type\":\"WebSite\",\"@id\":\"https:\/\/www.derniersou.fr\/#website\",\"url\":\"https:\/\/www.derniersou.fr\/\",\"name\":\"LE DERNIER SOU\",\"description\":\"Fabriqu\u00e9 en France\",\"potentialAction\":[{\"@type\":\"SearchAction\",\"target\":{\"@type\":\"EntryPoint\",\"urlTemplate\":\"https:\/\/www.derniersou.fr\/?s={search_term_string}\"},\"query-input\":\"required name=search_term_string\"}],\"inLanguage\":\"fr-FR\"}]}<\/script>\n<!-- \/ Yoast SEO plugin. -->","yoast_head_json":{"title":"Bracelet Daim Rouge - LE DERNIER SOU","robots":{"index":"index","follow":"follow","max-snippet":"max-snippet:-1","max-image-preview":"max-image-preview:large","max-video-preview":"max-video-preview:-1"},"canonical":"https:\/\/www.derniersou.fr\/index.php\/produit\/bracelet-daim-rouge\/","og_locale":"fr_FR","og_type":"article","og_title":"Bracelet Daim Rouge - LE DERNIER SOU","og_description":"Bracelet en Daim Rouge Pi\u00e8ce de 10cts","og_url":"https:\/\/www.derniersou.fr\/index.php\/produit\/bracelet-daim-rouge\/","og_site_name":"LE DERNIER SOU","article_publisher":"https:\/\/www.facebook.com\/lederniersou\/","article_modified_time":"2022-02-10T23:00:26+00:00","og_image":[{"width":"1080","height":"1080","url":"https:\/\/i0.wp.com\/www.derniersou.fr\/wp-content\/uploads\/2017\/11\/23632316_550169358661609_7861708798618104402_o.jpg?fit=1080%2C1080&ssl=1","type":"image\/jpeg"}],"twitter_card":"summary_large_image","twitter_misc":{"Dur\u00e9e de lecture estim\u00e9e":"1 minute"},"schema":{"@context":"https:\/\/schema.org","@graph":[{"@type":"WebPage","@id":"https:\/\/www.derniersou.fr\/index.php\/produit\/bracelet-daim-rouge\/","url":"https:\/\/www.derniersou.fr\/index.php\/produit\/bracelet-daim-rouge\/","name":"Bracelet Daim Rouge - LE DERNIER SOU","isPartOf":{"@id":"https:\/\/www.derniersou.fr\/#website"},"datePublished":"2017-11-16T08:47:42+00:00","dateModified":"2022-02-10T23:00:26+00:00","breadcrumb":{"@id":"https:\/\/www.derniersou.fr\/index.php\/produit\/bracelet-daim-rouge\/#breadcrumb"},"inLanguage":"fr-FR","potentialAction":[{"@type":"ReadAction","target":["https:\/\/www.derniersou.fr\/index.php\/produit\/bracelet-daim-rouge\/"]}]},{"@type":"BreadcrumbList","@id":"https:\/\/www.derniersou.fr\/index.php\/produit\/bracelet-daim-rouge\/#breadcrumb","itemListElement":[{"@type":"ListItem","position":1,"name":"Accueil","item":"https:\/\/www.derniersou.fr\/"},{"@type":"ListItem","position":2,"name":"Boutique","item":"https:\/\/www.derniersou.fr\/index.php\/boutique\/"},{"@type":"ListItem","position":3,"name":"Bracelet Daim Rouge"}]},{"@type":"WebSite","@id":"https:\/\/www.derniersou.fr\/#website","url":"https:\/\/www.derniersou.fr\/","name":"LE DERNIER SOU","description":"Fabriqu\u00e9 en France","potentialAction":[{"@type":"SearchAction","target":{"@type":"EntryPoint","urlTemplate":"https:\/\/www.derniersou.fr\/?s={search_term_string}"},"query-input":"required name=search_term_string"}],"inLanguage":"fr-FR"}]}},"jetpack_sharing_enabled":true,"jetpack-related-posts":[],"jetpack_likes_enabled":true,"_links":{"self":[{"href":"https:\/\/www.derniersou.fr\/index.php\/wp-json\/wp\/v2\/product\/444","targetHints":{"allow":["GET"]}}],"collection":[{"href":"https:\/\/www.derniersou.fr\/index.php\/wp-json\/wp\/v2\/product"}],"about":[{"href":"https:\/\/www.derniersou.fr\/index.php\/wp-json\/wp\/v2\/types\/product"}],"replies":[{"embeddable":true,"href":"https:\/\/www.derniersou.fr\/index.php\/wp-json\/wp\/v2\/comments?post=444"}],"wp:featuredmedia":[{"embeddable":true,"href":"https:\/\/www.derniersou.fr\/index.php\/wp-json\/wp\/v2\/media\/436"}],"wp:attachment":[{"href":"https:\/\/www.derniersou.fr\/index.php\/wp-json\/wp\/v2\/media?parent=444"}],"wp:term":[{"taxonomy":"product_brand","embeddable":true,"href":"https:\/\/www.derniersou.fr\/index.php\/wp-json\/wp\/v2\/product_brand?post=444"},{"taxonomy":"product_cat","embeddable":true,"href":"https:\/\/www.derniersou.fr\/index.php\/wp-json\/wp\/v2\/product_cat?post=444"},{"taxonomy":"product_tag","embeddable":true,"href":"https:\/\/www.derniersou.fr\/index.php\/wp-json\/wp\/v2\/product_tag?post=444"}],"curies":[{"name":"wp","href":"https:\/\/api.w.org\/{rel}","templated":true}]}}