{"id":3739,"date":"2019-04-11T16:13:39","date_gmt":"2019-04-11T14:13:39","guid":{"rendered":"https:\/\/www.derniersou.fr\/?post_type=product&#038;p=3739"},"modified":"2024-07-26T11:56:55","modified_gmt":"2024-07-26T09:56:55","slug":"bracelet-plaque-argent-2-0-mariniere","status":"publish","type":"product","link":"https:\/\/www.derniersou.fr\/index.php\/produit\/bracelet-plaque-argent-2-0-mariniere\/","title":{"rendered":"Bracelet Plaque Argent 2.0 Marini\u00e8re"},"content":{"rendered":"<p>Bracelet Plaque Argent 925 Corde Marini\u00e8re<\/p>\n<p>Corde Nylon Marini\u00e8re d&rsquo;un diam\u00e8tre de 1,5 mm<\/p>\n<p>Plaque en Argent 925 d&rsquo;une longueur de 22 mm<\/p>\n<p>Bracelet <strong>\u201cMade in France\u201d <\/strong>100% fait main \u00e9labor\u00e9 et confectionn\u00e9 par nos soins dans notre Atelier. <\/p>\n<p>Les bracelets en corde nylon sont tr\u00e8s <strong>solides<\/strong> et sont <strong>r\u00e9sistants<\/strong> \u00e0 l\u2019eau.<\/p>\n<p>Nos bracelets sont ajustables gr\u00e2ce \u00e0 des noeuds coulissants.<\/p>\n","protected":false},"excerpt":{"rendered":"<p>Bracelet Plaque Argent 925 corde marini\u00e8re<\/p>\n","protected":false},"featured_media":4301,"comment_status":"open","ping_status":"closed","template":"","meta":{"_mi_skip_tracking":false,"_exactmetrics_sitenote_active":false,"_exactmetrics_sitenote_note":"","_exactmetrics_sitenote_category":0,"jetpack_post_was_ever_published":false,"jetpack_publicize_message":"","jetpack_publicize_feature_enabled":true,"jetpack_social_post_already_shared":true,"jetpack_social_options":{"image_generator_settings":{"template":"highway","enabled":false}}},"product_brand":[],"product_cat":[15,49],"product_tag":[],"class_list":{"0":"post-3739","1":"product","2":"type-product","3":"status-publish","4":"has-post-thumbnail","6":"product_cat-bracelets","7":"product_cat-collection-argent-2-0","9":"first","10":"outofstock","11":"shipping-taxable","12":"purchasable","13":"product-type-variable"},"jetpack_publicize_connections":[],"yoast_head":"<!-- This site is optimized with the Yoast SEO plugin v21.5 - https:\/\/yoast.com\/wordpress\/plugins\/seo\/ -->\n<title>Bracelet Plaque Argent 2.0 Marini\u00e8re - LE DERNIER SOU<\/title>\n<meta name=\"robots\" content=\"index, follow, max-snippet:-1, max-image-preview:large, max-video-preview:-1\" \/>\n<link rel=\"canonical\" href=\"https:\/\/www.derniersou.fr\/index.php\/produit\/bracelet-plaque-argent-2-0-mariniere\/\" \/>\n<meta property=\"og:locale\" content=\"fr_FR\" \/>\n<meta property=\"og:type\" content=\"article\" \/>\n<meta property=\"og:title\" content=\"Bracelet Plaque Argent 2.0 Marini\u00e8re - LE DERNIER SOU\" \/>\n<meta property=\"og:description\" content=\"Bracelet Plaque Argent 925 corde marini\u00e8re\" \/>\n<meta property=\"og:url\" content=\"https:\/\/www.derniersou.fr\/index.php\/produit\/bracelet-plaque-argent-2-0-mariniere\/\" \/>\n<meta property=\"og:site_name\" content=\"LE DERNIER SOU\" \/>\n<meta property=\"article:publisher\" content=\"https:\/\/www.facebook.com\/lederniersou\/\" \/>\n<meta property=\"article:modified_time\" content=\"2024-07-26T09:56:55+00:00\" \/>\n<meta property=\"og:image\" content=\"https:\/\/www.derniersou.fr\/wp-content\/uploads\/2019\/04\/11992E6C-2963-4DEF-B166-2C457D2836E8-1-768x1024.jpeg\" \/>\n\t<meta property=\"og:image:width\" content=\"768\" \/>\n\t<meta property=\"og:image:height\" content=\"1024\" \/>\n\t<meta property=\"og:image:type\" content=\"image\/jpeg\" \/>\n<meta name=\"twitter:card\" content=\"summary_large_image\" \/>\n<script type=\"application\/ld+json\" class=\"yoast-schema-graph\">{\"@context\":\"https:\/\/schema.org\",\"@graph\":[{\"@type\":\"WebPage\",\"@id\":\"https:\/\/www.derniersou.fr\/index.php\/produit\/bracelet-plaque-argent-2-0-mariniere\/\",\"url\":\"https:\/\/www.derniersou.fr\/index.php\/produit\/bracelet-plaque-argent-2-0-mariniere\/\",\"name\":\"Bracelet Plaque Argent 2.0 Marini\u00e8re - LE DERNIER SOU\",\"isPartOf\":{\"@id\":\"https:\/\/www.derniersou.fr\/#website\"},\"datePublished\":\"2019-04-11T14:13:39+00:00\",\"dateModified\":\"2024-07-26T09:56:55+00:00\",\"breadcrumb\":{\"@id\":\"https:\/\/www.derniersou.fr\/index.php\/produit\/bracelet-plaque-argent-2-0-mariniere\/#breadcrumb\"},\"inLanguage\":\"fr-FR\",\"potentialAction\":[{\"@type\":\"ReadAction\",\"target\":[\"https:\/\/www.derniersou.fr\/index.php\/produit\/bracelet-plaque-argent-2-0-mariniere\/\"]}]},{\"@type\":\"BreadcrumbList\",\"@id\":\"https:\/\/www.derniersou.fr\/index.php\/produit\/bracelet-plaque-argent-2-0-mariniere\/#breadcrumb\",\"itemListElement\":[{\"@type\":\"ListItem\",\"position\":1,\"name\":\"Accueil\",\"item\":\"https:\/\/www.derniersou.fr\/\"},{\"@type\":\"ListItem\",\"position\":2,\"name\":\"Boutique\",\"item\":\"https:\/\/www.derniersou.fr\/index.php\/boutique\/\"},{\"@type\":\"ListItem\",\"position\":3,\"name\":\"Bracelet Plaque Argent 2.0 Marini\u00e8re\"}]},{\"@type\":\"WebSite\",\"@id\":\"https:\/\/www.derniersou.fr\/#website\",\"url\":\"https:\/\/www.derniersou.fr\/\",\"name\":\"LE DERNIER SOU\",\"description\":\"Fabriqu\u00e9 en France\",\"potentialAction\":[{\"@type\":\"SearchAction\",\"target\":{\"@type\":\"EntryPoint\",\"urlTemplate\":\"https:\/\/www.derniersou.fr\/?s={search_term_string}\"},\"query-input\":\"required name=search_term_string\"}],\"inLanguage\":\"fr-FR\"}]}<\/script>\n<!-- \/ Yoast SEO plugin. -->","yoast_head_json":{"title":"Bracelet Plaque Argent 2.0 Marini\u00e8re - LE DERNIER SOU","robots":{"index":"index","follow":"follow","max-snippet":"max-snippet:-1","max-image-preview":"max-image-preview:large","max-video-preview":"max-video-preview:-1"},"canonical":"https:\/\/www.derniersou.fr\/index.php\/produit\/bracelet-plaque-argent-2-0-mariniere\/","og_locale":"fr_FR","og_type":"article","og_title":"Bracelet Plaque Argent 2.0 Marini\u00e8re - LE DERNIER SOU","og_description":"Bracelet Plaque Argent 925 corde marini\u00e8re","og_url":"https:\/\/www.derniersou.fr\/index.php\/produit\/bracelet-plaque-argent-2-0-mariniere\/","og_site_name":"LE DERNIER SOU","article_publisher":"https:\/\/www.facebook.com\/lederniersou\/","article_modified_time":"2024-07-26T09:56:55+00:00","og_image":[{"width":768,"height":1024,"url":"https:\/\/www.derniersou.fr\/wp-content\/uploads\/2019\/04\/11992E6C-2963-4DEF-B166-2C457D2836E8-1-768x1024.jpeg","type":"image\/jpeg"}],"twitter_card":"summary_large_image","schema":{"@context":"https:\/\/schema.org","@graph":[{"@type":"WebPage","@id":"https:\/\/www.derniersou.fr\/index.php\/produit\/bracelet-plaque-argent-2-0-mariniere\/","url":"https:\/\/www.derniersou.fr\/index.php\/produit\/bracelet-plaque-argent-2-0-mariniere\/","name":"Bracelet Plaque Argent 2.0 Marini\u00e8re - LE DERNIER SOU","isPartOf":{"@id":"https:\/\/www.derniersou.fr\/#website"},"datePublished":"2019-04-11T14:13:39+00:00","dateModified":"2024-07-26T09:56:55+00:00","breadcrumb":{"@id":"https:\/\/www.derniersou.fr\/index.php\/produit\/bracelet-plaque-argent-2-0-mariniere\/#breadcrumb"},"inLanguage":"fr-FR","potentialAction":[{"@type":"ReadAction","target":["https:\/\/www.derniersou.fr\/index.php\/produit\/bracelet-plaque-argent-2-0-mariniere\/"]}]},{"@type":"BreadcrumbList","@id":"https:\/\/www.derniersou.fr\/index.php\/produit\/bracelet-plaque-argent-2-0-mariniere\/#breadcrumb","itemListElement":[{"@type":"ListItem","position":1,"name":"Accueil","item":"https:\/\/www.derniersou.fr\/"},{"@type":"ListItem","position":2,"name":"Boutique","item":"https:\/\/www.derniersou.fr\/index.php\/boutique\/"},{"@type":"ListItem","position":3,"name":"Bracelet Plaque Argent 2.0 Marini\u00e8re"}]},{"@type":"WebSite","@id":"https:\/\/www.derniersou.fr\/#website","url":"https:\/\/www.derniersou.fr\/","name":"LE DERNIER SOU","description":"Fabriqu\u00e9 en France","potentialAction":[{"@type":"SearchAction","target":{"@type":"EntryPoint","urlTemplate":"https:\/\/www.derniersou.fr\/?s={search_term_string}"},"query-input":"required name=search_term_string"}],"inLanguage":"fr-FR"}]}},"jetpack_sharing_enabled":true,"jetpack-related-posts":[],"jetpack_likes_enabled":true,"_links":{"self":[{"href":"https:\/\/www.derniersou.fr\/index.php\/wp-json\/wp\/v2\/product\/3739","targetHints":{"allow":["GET"]}}],"collection":[{"href":"https:\/\/www.derniersou.fr\/index.php\/wp-json\/wp\/v2\/product"}],"about":[{"href":"https:\/\/www.derniersou.fr\/index.php\/wp-json\/wp\/v2\/types\/product"}],"replies":[{"embeddable":true,"href":"https:\/\/www.derniersou.fr\/index.php\/wp-json\/wp\/v2\/comments?post=3739"}],"wp:featuredmedia":[{"embeddable":true,"href":"https:\/\/www.derniersou.fr\/index.php\/wp-json\/wp\/v2\/media\/4301"}],"wp:attachment":[{"href":"https:\/\/www.derniersou.fr\/index.php\/wp-json\/wp\/v2\/media?parent=3739"}],"wp:term":[{"taxonomy":"product_brand","embeddable":true,"href":"https:\/\/www.derniersou.fr\/index.php\/wp-json\/wp\/v2\/product_brand?post=3739"},{"taxonomy":"product_cat","embeddable":true,"href":"https:\/\/www.derniersou.fr\/index.php\/wp-json\/wp\/v2\/product_cat?post=3739"},{"taxonomy":"product_tag","embeddable":true,"href":"https:\/\/www.derniersou.fr\/index.php\/wp-json\/wp\/v2\/product_tag?post=3739"}],"curies":[{"name":"wp","href":"https:\/\/api.w.org\/{rel}","templated":true}]}}