{"id":2325,"date":"2018-07-13T11:05:05","date_gmt":"2018-07-13T09:05:05","guid":{"rendered":"https:\/\/www.derniersou.fr\/?post_type=product&#038;p=2325"},"modified":"2024-10-15T00:19:57","modified_gmt":"2024-10-14T22:19:57","slug":"bracelet-fullblack10","status":"publish","type":"product","link":"https:\/\/www.derniersou.fr\/index.php\/produit\/bracelet-fullblack10\/","title":{"rendered":"Bracelet BLACK Paracorde Noire"},"content":{"rendered":"<p>Bracelet Paracorde Unie fermoir simple avec deux noeuds coulissants.<\/p>\n<p>Paracorde Noire d&rsquo;un diam\u00e8tre de 2mm<\/p>\n<p>Pi\u00e8ce de 10cts d&rsquo;un diam\u00e8tre de 20mm de couleur Noire.<\/p>\n<p>Bracelet <strong>\u201cMade in France\u201d <\/strong>100% fait main \u00e9labor\u00e9 et confectionn\u00e9 par nos soins dans notre Atelier.<\/p>\n<p>Notre bracelet est compos\u00e9 de paracorde et d\u2019une <strong>v\u00e9ritable <\/strong>pi\u00e8ce de monnaie du d\u00e9but du si\u00e8cle dernier.<\/p>\n<p>La paracorde est une corde en nylon multibrin gain\u00e9e l\u00e9g\u00e8re, robuste et \u00e9lastique, initialement utilis\u00e9e pour les suspentes de parachutes am\u00e9ricains durant la Seconde Guerre mondiale. Sa <strong>solidit\u00e9<\/strong> et sa <strong> r\u00e9sistance<\/strong> ne sont donc plus \u00e0 d\u00e9montrer.  <\/p>\n<p>Les bracelets en paracorde sont r\u00e9sistants \u00e0 l\u2019eau.<\/p>\n<p>Nos bracelets sont ajustables gr\u00e2ce \u00e0 des noeuds coulissants.<\/p>\n","protected":false},"excerpt":{"rendered":"<p>Bracelet Simple FULL BLACK  Pi\u00e8ce de 10cts Noire<\/p>\n","protected":false},"featured_media":3209,"comment_status":"open","ping_status":"closed","template":"","meta":{"_mi_skip_tracking":false,"_exactmetrics_sitenote_active":false,"_exactmetrics_sitenote_note":"","_exactmetrics_sitenote_category":0,"jetpack_post_was_ever_published":false,"jetpack_publicize_message":"","jetpack_publicize_feature_enabled":true,"jetpack_social_post_already_shared":true,"jetpack_social_options":{"image_generator_settings":{"template":"highway","enabled":false}}},"product_brand":[],"product_cat":[38,44],"product_tag":[],"class_list":{"0":"post-2325","1":"product","2":"type-product","3":"status-publish","4":"has-post-thumbnail","6":"product_cat-collection-black","7":"product_cat-full-black","9":"first","10":"outofstock","11":"shipping-taxable","12":"purchasable","13":"product-type-variable"},"jetpack_publicize_connections":[],"yoast_head":"<!-- This site is optimized with the Yoast SEO plugin v21.5 - https:\/\/yoast.com\/wordpress\/plugins\/seo\/ -->\n<title>Bracelet BLACK Paracorde Noire - LE DERNIER SOU<\/title>\n<meta name=\"robots\" content=\"index, follow, max-snippet:-1, max-image-preview:large, max-video-preview:-1\" \/>\n<link rel=\"canonical\" href=\"https:\/\/www.derniersou.fr\/index.php\/produit\/bracelet-fullblack10\/\" \/>\n<meta property=\"og:locale\" content=\"fr_FR\" \/>\n<meta property=\"og:type\" content=\"article\" \/>\n<meta property=\"og:title\" content=\"Bracelet BLACK Paracorde Noire - LE DERNIER SOU\" \/>\n<meta property=\"og:description\" content=\"Bracelet Simple FULL BLACK Pi\u00e8ce de 10cts Noire\" \/>\n<meta property=\"og:url\" content=\"https:\/\/www.derniersou.fr\/index.php\/produit\/bracelet-fullblack10\/\" \/>\n<meta property=\"og:site_name\" content=\"LE DERNIER SOU\" \/>\n<meta property=\"article:publisher\" content=\"https:\/\/www.facebook.com\/lederniersou\/\" \/>\n<meta property=\"article:modified_time\" content=\"2024-10-14T22:19:57+00:00\" \/>\n<meta property=\"og:image\" content=\"https:\/\/i0.wp.com\/www.derniersou.fr\/wp-content\/uploads\/2018\/12\/5FED30B5-59D5-44A7-8089-BB59B77FB058.jpeg?fit=2048%2C1536&ssl=1\" \/>\n\t<meta property=\"og:image:width\" content=\"2048\" \/>\n\t<meta property=\"og:image:height\" content=\"1536\" \/>\n\t<meta property=\"og:image:type\" content=\"image\/jpeg\" \/>\n<meta name=\"twitter:card\" content=\"summary_large_image\" \/>\n<meta name=\"twitter:label1\" content=\"Dur\u00e9e de lecture estim\u00e9e\" \/>\n\t<meta name=\"twitter:data1\" content=\"1 minute\" \/>\n<script type=\"application\/ld+json\" class=\"yoast-schema-graph\">{\"@context\":\"https:\/\/schema.org\",\"@graph\":[{\"@type\":\"WebPage\",\"@id\":\"https:\/\/www.derniersou.fr\/index.php\/produit\/bracelet-fullblack10\/\",\"url\":\"https:\/\/www.derniersou.fr\/index.php\/produit\/bracelet-fullblack10\/\",\"name\":\"Bracelet BLACK Paracorde Noire - LE DERNIER SOU\",\"isPartOf\":{\"@id\":\"https:\/\/www.derniersou.fr\/#website\"},\"datePublished\":\"2018-07-13T09:05:05+00:00\",\"dateModified\":\"2024-10-14T22:19:57+00:00\",\"breadcrumb\":{\"@id\":\"https:\/\/www.derniersou.fr\/index.php\/produit\/bracelet-fullblack10\/#breadcrumb\"},\"inLanguage\":\"fr-FR\",\"potentialAction\":[{\"@type\":\"ReadAction\",\"target\":[\"https:\/\/www.derniersou.fr\/index.php\/produit\/bracelet-fullblack10\/\"]}]},{\"@type\":\"BreadcrumbList\",\"@id\":\"https:\/\/www.derniersou.fr\/index.php\/produit\/bracelet-fullblack10\/#breadcrumb\",\"itemListElement\":[{\"@type\":\"ListItem\",\"position\":1,\"name\":\"Accueil\",\"item\":\"https:\/\/www.derniersou.fr\/\"},{\"@type\":\"ListItem\",\"position\":2,\"name\":\"Boutique\",\"item\":\"https:\/\/www.derniersou.fr\/index.php\/boutique\/\"},{\"@type\":\"ListItem\",\"position\":3,\"name\":\"Bracelet BLACK Paracorde Noire\"}]},{\"@type\":\"WebSite\",\"@id\":\"https:\/\/www.derniersou.fr\/#website\",\"url\":\"https:\/\/www.derniersou.fr\/\",\"name\":\"LE DERNIER SOU\",\"description\":\"Fabriqu\u00e9 en France\",\"potentialAction\":[{\"@type\":\"SearchAction\",\"target\":{\"@type\":\"EntryPoint\",\"urlTemplate\":\"https:\/\/www.derniersou.fr\/?s={search_term_string}\"},\"query-input\":\"required name=search_term_string\"}],\"inLanguage\":\"fr-FR\"}]}<\/script>\n<!-- \/ Yoast SEO plugin. -->","yoast_head_json":{"title":"Bracelet BLACK Paracorde Noire - LE DERNIER SOU","robots":{"index":"index","follow":"follow","max-snippet":"max-snippet:-1","max-image-preview":"max-image-preview:large","max-video-preview":"max-video-preview:-1"},"canonical":"https:\/\/www.derniersou.fr\/index.php\/produit\/bracelet-fullblack10\/","og_locale":"fr_FR","og_type":"article","og_title":"Bracelet BLACK Paracorde Noire - LE DERNIER SOU","og_description":"Bracelet Simple FULL BLACK Pi\u00e8ce de 10cts Noire","og_url":"https:\/\/www.derniersou.fr\/index.php\/produit\/bracelet-fullblack10\/","og_site_name":"LE DERNIER SOU","article_publisher":"https:\/\/www.facebook.com\/lederniersou\/","article_modified_time":"2024-10-14T22:19:57+00:00","og_image":[{"width":2048,"height":1536,"url":"https:\/\/i0.wp.com\/www.derniersou.fr\/wp-content\/uploads\/2018\/12\/5FED30B5-59D5-44A7-8089-BB59B77FB058.jpeg?fit=2048%2C1536&ssl=1","type":"image\/jpeg"}],"twitter_card":"summary_large_image","twitter_misc":{"Dur\u00e9e de lecture estim\u00e9e":"1 minute"},"schema":{"@context":"https:\/\/schema.org","@graph":[{"@type":"WebPage","@id":"https:\/\/www.derniersou.fr\/index.php\/produit\/bracelet-fullblack10\/","url":"https:\/\/www.derniersou.fr\/index.php\/produit\/bracelet-fullblack10\/","name":"Bracelet BLACK Paracorde Noire - LE DERNIER SOU","isPartOf":{"@id":"https:\/\/www.derniersou.fr\/#website"},"datePublished":"2018-07-13T09:05:05+00:00","dateModified":"2024-10-14T22:19:57+00:00","breadcrumb":{"@id":"https:\/\/www.derniersou.fr\/index.php\/produit\/bracelet-fullblack10\/#breadcrumb"},"inLanguage":"fr-FR","potentialAction":[{"@type":"ReadAction","target":["https:\/\/www.derniersou.fr\/index.php\/produit\/bracelet-fullblack10\/"]}]},{"@type":"BreadcrumbList","@id":"https:\/\/www.derniersou.fr\/index.php\/produit\/bracelet-fullblack10\/#breadcrumb","itemListElement":[{"@type":"ListItem","position":1,"name":"Accueil","item":"https:\/\/www.derniersou.fr\/"},{"@type":"ListItem","position":2,"name":"Boutique","item":"https:\/\/www.derniersou.fr\/index.php\/boutique\/"},{"@type":"ListItem","position":3,"name":"Bracelet BLACK Paracorde Noire"}]},{"@type":"WebSite","@id":"https:\/\/www.derniersou.fr\/#website","url":"https:\/\/www.derniersou.fr\/","name":"LE DERNIER SOU","description":"Fabriqu\u00e9 en France","potentialAction":[{"@type":"SearchAction","target":{"@type":"EntryPoint","urlTemplate":"https:\/\/www.derniersou.fr\/?s={search_term_string}"},"query-input":"required name=search_term_string"}],"inLanguage":"fr-FR"}]}},"jetpack_sharing_enabled":true,"jetpack-related-posts":[],"jetpack_likes_enabled":true,"_links":{"self":[{"href":"https:\/\/www.derniersou.fr\/index.php\/wp-json\/wp\/v2\/product\/2325","targetHints":{"allow":["GET"]}}],"collection":[{"href":"https:\/\/www.derniersou.fr\/index.php\/wp-json\/wp\/v2\/product"}],"about":[{"href":"https:\/\/www.derniersou.fr\/index.php\/wp-json\/wp\/v2\/types\/product"}],"replies":[{"embeddable":true,"href":"https:\/\/www.derniersou.fr\/index.php\/wp-json\/wp\/v2\/comments?post=2325"}],"wp:featuredmedia":[{"embeddable":true,"href":"https:\/\/www.derniersou.fr\/index.php\/wp-json\/wp\/v2\/media\/3209"}],"wp:attachment":[{"href":"https:\/\/www.derniersou.fr\/index.php\/wp-json\/wp\/v2\/media?parent=2325"}],"wp:term":[{"taxonomy":"product_brand","embeddable":true,"href":"https:\/\/www.derniersou.fr\/index.php\/wp-json\/wp\/v2\/product_brand?post=2325"},{"taxonomy":"product_cat","embeddable":true,"href":"https:\/\/www.derniersou.fr\/index.php\/wp-json\/wp\/v2\/product_cat?post=2325"},{"taxonomy":"product_tag","embeddable":true,"href":"https:\/\/www.derniersou.fr\/index.php\/wp-json\/wp\/v2\/product_tag?post=2325"}],"curies":[{"name":"wp","href":"https:\/\/api.w.org\/{rel}","templated":true}]}}