{"id":11804,"date":"2024-06-10T12:25:50","date_gmt":"2024-06-10T10:25:50","guid":{"rendered":"https:\/\/www.derniersou.fr\/?post_type=product&#038;p=11804"},"modified":"2024-06-10T18:35:56","modified_gmt":"2024-06-10T16:35:56","slug":"bracelet-bois-kaki-2","status":"publish","type":"product","link":"https:\/\/www.derniersou.fr\/index.php\/produit\/bracelet-bois-kaki-2\/","title":{"rendered":"Bracelet Bois NOIR"},"content":{"rendered":"<p>Bracelet en bois couleur NOIR<\/p>\n<p>Diam\u00e8tre de la couronne en bois: 18mm<\/p>\n<p>Chaque bracelet est r\u00e9alis\u00e9 \u00e0 partir d&rsquo;un cordon en paracorde ultra r\u00e9sistant qui lui permet de r\u00e9sister \u00e0 tous les \u00e9l\u00e9ments&#8230;.<\/p>\n<p>Nos bracelets sont r\u00e9alis\u00e9s dans notre atelier du centre ville de Montpellier et ils sont tous r\u00e9glables \u00e0 l&rsquo;aide des deux noeuds coulissants pr\u00e9sents de chaque c\u00f4t\u00e9 du bracelet.<\/p>\n","protected":false},"excerpt":{"rendered":"<p>Bracelet en bois couleur NOIR Diam\u00e8tre de la couronne en bois: 18mm Chaque bracelet est r\u00e9alis\u00e9 \u00e0 partir d&rsquo;un cordon en paracorde ultra r\u00e9sistant qui lui permet de r\u00e9sister \u00e0 tous les \u00e9l\u00e9ments&#8230;. Nos bracelets sont r\u00e9alis\u00e9s dans notre atelier du centre ville de Montpellier et ils sont tous r\u00e9glables \u00e0 l&rsquo;aide des deux noeuds [&hellip;]<\/p>\n","protected":false},"featured_media":11809,"comment_status":"open","ping_status":"closed","template":"","meta":{"_mi_skip_tracking":false,"_exactmetrics_sitenote_active":false,"_exactmetrics_sitenote_note":"","_exactmetrics_sitenote_category":0,"jetpack_post_was_ever_published":false,"jetpack_publicize_message":"","jetpack_publicize_feature_enabled":true,"jetpack_social_post_already_shared":true,"jetpack_social_options":{"image_generator_settings":{"template":"highway","enabled":false}}},"product_brand":[],"product_cat":[38,53],"product_tag":[],"class_list":{"0":"post-11804","1":"product","2":"type-product","3":"status-publish","4":"has-post-thumbnail","6":"product_cat-collection-black","7":"product_cat-nouvelle-collection","9":"first","10":"instock","11":"shipping-taxable","12":"purchasable","13":"product-type-variable"},"jetpack_publicize_connections":[],"yoast_head":"<!-- This site is optimized with the Yoast SEO plugin v21.5 - https:\/\/yoast.com\/wordpress\/plugins\/seo\/ -->\n<title>Bracelet Bois NOIR - LE DERNIER SOU<\/title>\n<meta name=\"robots\" content=\"index, follow, max-snippet:-1, max-image-preview:large, max-video-preview:-1\" \/>\n<link rel=\"canonical\" href=\"https:\/\/www.derniersou.fr\/index.php\/produit\/bracelet-bois-kaki-2\/\" \/>\n<meta property=\"og:locale\" content=\"fr_FR\" \/>\n<meta property=\"og:type\" content=\"article\" \/>\n<meta property=\"og:title\" content=\"Bracelet Bois NOIR - LE DERNIER SOU\" \/>\n<meta property=\"og:description\" content=\"Bracelet en bois couleur NOIR Diam\u00e8tre de la couronne en bois: 18mm Chaque bracelet est r\u00e9alis\u00e9 \u00e0 partir d&rsquo;un cordon en paracorde ultra r\u00e9sistant qui lui permet de r\u00e9sister \u00e0 tous les \u00e9l\u00e9ments&#8230;. Nos bracelets sont r\u00e9alis\u00e9s dans notre atelier du centre ville de Montpellier et ils sont tous r\u00e9glables \u00e0 l&rsquo;aide des deux noeuds [&hellip;]\" \/>\n<meta property=\"og:url\" content=\"https:\/\/www.derniersou.fr\/index.php\/produit\/bracelet-bois-kaki-2\/\" \/>\n<meta property=\"og:site_name\" content=\"LE DERNIER SOU\" \/>\n<meta property=\"article:publisher\" content=\"https:\/\/www.facebook.com\/lederniersou\/\" \/>\n<meta property=\"article:modified_time\" content=\"2024-06-10T16:35:56+00:00\" \/>\n<meta property=\"og:image\" content=\"https:\/\/i0.wp.com\/www.derniersou.fr\/wp-content\/uploads\/2024\/06\/3b73f742-9042-458a-ae5d-c99dba09bd57.jpeg?fit=1125%2C2000&ssl=1\" \/>\n\t<meta property=\"og:image:width\" content=\"1125\" \/>\n\t<meta property=\"og:image:height\" content=\"2000\" \/>\n\t<meta property=\"og:image:type\" content=\"image\/jpeg\" \/>\n<meta name=\"twitter:card\" content=\"summary_large_image\" \/>\n<script type=\"application\/ld+json\" class=\"yoast-schema-graph\">{\"@context\":\"https:\/\/schema.org\",\"@graph\":[{\"@type\":\"WebPage\",\"@id\":\"https:\/\/www.derniersou.fr\/index.php\/produit\/bracelet-bois-kaki-2\/\",\"url\":\"https:\/\/www.derniersou.fr\/index.php\/produit\/bracelet-bois-kaki-2\/\",\"name\":\"Bracelet Bois NOIR - LE DERNIER SOU\",\"isPartOf\":{\"@id\":\"https:\/\/www.derniersou.fr\/#website\"},\"datePublished\":\"2024-06-10T10:25:50+00:00\",\"dateModified\":\"2024-06-10T16:35:56+00:00\",\"breadcrumb\":{\"@id\":\"https:\/\/www.derniersou.fr\/index.php\/produit\/bracelet-bois-kaki-2\/#breadcrumb\"},\"inLanguage\":\"fr-FR\",\"potentialAction\":[{\"@type\":\"ReadAction\",\"target\":[\"https:\/\/www.derniersou.fr\/index.php\/produit\/bracelet-bois-kaki-2\/\"]}]},{\"@type\":\"BreadcrumbList\",\"@id\":\"https:\/\/www.derniersou.fr\/index.php\/produit\/bracelet-bois-kaki-2\/#breadcrumb\",\"itemListElement\":[{\"@type\":\"ListItem\",\"position\":1,\"name\":\"Accueil\",\"item\":\"https:\/\/www.derniersou.fr\/\"},{\"@type\":\"ListItem\",\"position\":2,\"name\":\"Boutique\",\"item\":\"https:\/\/www.derniersou.fr\/index.php\/boutique\/\"},{\"@type\":\"ListItem\",\"position\":3,\"name\":\"Bracelet Bois NOIR\"}]},{\"@type\":\"WebSite\",\"@id\":\"https:\/\/www.derniersou.fr\/#website\",\"url\":\"https:\/\/www.derniersou.fr\/\",\"name\":\"LE DERNIER SOU\",\"description\":\"Fabriqu\u00e9 en France\",\"potentialAction\":[{\"@type\":\"SearchAction\",\"target\":{\"@type\":\"EntryPoint\",\"urlTemplate\":\"https:\/\/www.derniersou.fr\/?s={search_term_string}\"},\"query-input\":\"required name=search_term_string\"}],\"inLanguage\":\"fr-FR\"}]}<\/script>\n<!-- \/ Yoast SEO plugin. -->","yoast_head_json":{"title":"Bracelet Bois NOIR - LE DERNIER SOU","robots":{"index":"index","follow":"follow","max-snippet":"max-snippet:-1","max-image-preview":"max-image-preview:large","max-video-preview":"max-video-preview:-1"},"canonical":"https:\/\/www.derniersou.fr\/index.php\/produit\/bracelet-bois-kaki-2\/","og_locale":"fr_FR","og_type":"article","og_title":"Bracelet Bois NOIR - LE DERNIER SOU","og_description":"Bracelet en bois couleur NOIR Diam\u00e8tre de la couronne en bois: 18mm Chaque bracelet est r\u00e9alis\u00e9 \u00e0 partir d&rsquo;un cordon en paracorde ultra r\u00e9sistant qui lui permet de r\u00e9sister \u00e0 tous les \u00e9l\u00e9ments&#8230;. Nos bracelets sont r\u00e9alis\u00e9s dans notre atelier du centre ville de Montpellier et ils sont tous r\u00e9glables \u00e0 l&rsquo;aide des deux noeuds [&hellip;]","og_url":"https:\/\/www.derniersou.fr\/index.php\/produit\/bracelet-bois-kaki-2\/","og_site_name":"LE DERNIER SOU","article_publisher":"https:\/\/www.facebook.com\/lederniersou\/","article_modified_time":"2024-06-10T16:35:56+00:00","og_image":[{"width":1125,"height":2000,"url":"https:\/\/i0.wp.com\/www.derniersou.fr\/wp-content\/uploads\/2024\/06\/3b73f742-9042-458a-ae5d-c99dba09bd57.jpeg?fit=1125%2C2000&ssl=1","type":"image\/jpeg"}],"twitter_card":"summary_large_image","schema":{"@context":"https:\/\/schema.org","@graph":[{"@type":"WebPage","@id":"https:\/\/www.derniersou.fr\/index.php\/produit\/bracelet-bois-kaki-2\/","url":"https:\/\/www.derniersou.fr\/index.php\/produit\/bracelet-bois-kaki-2\/","name":"Bracelet Bois NOIR - LE DERNIER SOU","isPartOf":{"@id":"https:\/\/www.derniersou.fr\/#website"},"datePublished":"2024-06-10T10:25:50+00:00","dateModified":"2024-06-10T16:35:56+00:00","breadcrumb":{"@id":"https:\/\/www.derniersou.fr\/index.php\/produit\/bracelet-bois-kaki-2\/#breadcrumb"},"inLanguage":"fr-FR","potentialAction":[{"@type":"ReadAction","target":["https:\/\/www.derniersou.fr\/index.php\/produit\/bracelet-bois-kaki-2\/"]}]},{"@type":"BreadcrumbList","@id":"https:\/\/www.derniersou.fr\/index.php\/produit\/bracelet-bois-kaki-2\/#breadcrumb","itemListElement":[{"@type":"ListItem","position":1,"name":"Accueil","item":"https:\/\/www.derniersou.fr\/"},{"@type":"ListItem","position":2,"name":"Boutique","item":"https:\/\/www.derniersou.fr\/index.php\/boutique\/"},{"@type":"ListItem","position":3,"name":"Bracelet Bois NOIR"}]},{"@type":"WebSite","@id":"https:\/\/www.derniersou.fr\/#website","url":"https:\/\/www.derniersou.fr\/","name":"LE DERNIER SOU","description":"Fabriqu\u00e9 en France","potentialAction":[{"@type":"SearchAction","target":{"@type":"EntryPoint","urlTemplate":"https:\/\/www.derniersou.fr\/?s={search_term_string}"},"query-input":"required name=search_term_string"}],"inLanguage":"fr-FR"}]}},"jetpack_sharing_enabled":true,"jetpack-related-posts":[],"jetpack_likes_enabled":true,"_links":{"self":[{"href":"https:\/\/www.derniersou.fr\/index.php\/wp-json\/wp\/v2\/product\/11804","targetHints":{"allow":["GET"]}}],"collection":[{"href":"https:\/\/www.derniersou.fr\/index.php\/wp-json\/wp\/v2\/product"}],"about":[{"href":"https:\/\/www.derniersou.fr\/index.php\/wp-json\/wp\/v2\/types\/product"}],"replies":[{"embeddable":true,"href":"https:\/\/www.derniersou.fr\/index.php\/wp-json\/wp\/v2\/comments?post=11804"}],"wp:featuredmedia":[{"embeddable":true,"href":"https:\/\/www.derniersou.fr\/index.php\/wp-json\/wp\/v2\/media\/11809"}],"wp:attachment":[{"href":"https:\/\/www.derniersou.fr\/index.php\/wp-json\/wp\/v2\/media?parent=11804"}],"wp:term":[{"taxonomy":"product_brand","embeddable":true,"href":"https:\/\/www.derniersou.fr\/index.php\/wp-json\/wp\/v2\/product_brand?post=11804"},{"taxonomy":"product_cat","embeddable":true,"href":"https:\/\/www.derniersou.fr\/index.php\/wp-json\/wp\/v2\/product_cat?post=11804"},{"taxonomy":"product_tag","embeddable":true,"href":"https:\/\/www.derniersou.fr\/index.php\/wp-json\/wp\/v2\/product_tag?post=11804"}],"curies":[{"name":"wp","href":"https:\/\/api.w.org\/{rel}","templated":true}]}}