{"id":11720,"date":"2024-02-12T10:12:59","date_gmt":"2024-02-12T09:12:59","guid":{"rendered":"https:\/\/www.derniersou.fr\/index.php\/produit\/bracelet-plaque-or-vert-bouteille\/"},"modified":"2024-02-12T10:13:44","modified_gmt":"2024-02-12T09:13:44","slug":"bracelet-plaque-or-vert-bouteille","status":"publish","type":"product","link":"https:\/\/www.derniersou.fr\/index.php\/produit\/bracelet-plaque-or-vert-bouteille\/","title":{"rendered":"Bracelet PLAQU\u00c9 OR vert bouteille Mr LEYNAUD"},"content":{"rendered":"<p>Pi\u00e8ce de 10 francs en plaqu\u00e9 or<\/p>\n<p>Cordon paracorde vert bouteille<\/p>\n","protected":false},"excerpt":{"rendered":"<p>Pi\u00e8ce de 10 francs en plaqu\u00e9 or Cordon paracorde vert bouteille<\/p>\n","protected":false},"featured_media":0,"comment_status":"open","ping_status":"closed","template":"","meta":{"_mi_skip_tracking":false,"_exactmetrics_sitenote_active":false,"_exactmetrics_sitenote_note":"","_exactmetrics_sitenote_category":0,"jetpack_post_was_ever_published":false,"jetpack_publicize_message":"","jetpack_publicize_feature_enabled":true,"jetpack_social_post_already_shared":true,"jetpack_social_options":{"image_generator_settings":{"template":"highway","enabled":false}}},"product_brand":[],"product_cat":[45],"product_tag":[],"class_list":{"0":"post-11720","1":"product","2":"type-product","3":"status-publish","5":"product_cat-collection-or","7":"first","8":"instock","9":"shipping-taxable","10":"purchasable","11":"product-type-simple"},"jetpack_publicize_connections":[],"yoast_head":"<!-- This site is optimized with the Yoast SEO plugin v21.5 - https:\/\/yoast.com\/wordpress\/plugins\/seo\/ -->\n<title>Bracelet PLAQU\u00c9 OR vert bouteille Mr LEYNAUD - LE DERNIER SOU<\/title>\n<meta name=\"robots\" content=\"index, follow, max-snippet:-1, max-image-preview:large, max-video-preview:-1\" \/>\n<link rel=\"canonical\" href=\"https:\/\/www.derniersou.fr\/index.php\/produit\/bracelet-plaque-or-vert-bouteille\/\" \/>\n<meta property=\"og:locale\" content=\"fr_FR\" \/>\n<meta property=\"og:type\" content=\"article\" \/>\n<meta property=\"og:title\" content=\"Bracelet PLAQU\u00c9 OR vert bouteille Mr LEYNAUD - LE DERNIER SOU\" \/>\n<meta property=\"og:description\" content=\"Pi\u00e8ce de 10 francs en plaqu\u00e9 or Cordon paracorde vert bouteille\" \/>\n<meta property=\"og:url\" content=\"https:\/\/www.derniersou.fr\/index.php\/produit\/bracelet-plaque-or-vert-bouteille\/\" \/>\n<meta property=\"og:site_name\" content=\"LE DERNIER SOU\" \/>\n<meta property=\"article:publisher\" content=\"https:\/\/www.facebook.com\/lederniersou\/\" \/>\n<meta property=\"article:modified_time\" content=\"2024-02-12T09:13:44+00:00\" \/>\n<meta name=\"twitter:card\" content=\"summary_large_image\" \/>\n<script type=\"application\/ld+json\" class=\"yoast-schema-graph\">{\"@context\":\"https:\/\/schema.org\",\"@graph\":[{\"@type\":\"WebPage\",\"@id\":\"https:\/\/www.derniersou.fr\/index.php\/produit\/bracelet-plaque-or-vert-bouteille\/\",\"url\":\"https:\/\/www.derniersou.fr\/index.php\/produit\/bracelet-plaque-or-vert-bouteille\/\",\"name\":\"Bracelet PLAQU\u00c9 OR vert bouteille Mr LEYNAUD - LE DERNIER SOU\",\"isPartOf\":{\"@id\":\"https:\/\/www.derniersou.fr\/#website\"},\"datePublished\":\"2024-02-12T09:12:59+00:00\",\"dateModified\":\"2024-02-12T09:13:44+00:00\",\"breadcrumb\":{\"@id\":\"https:\/\/www.derniersou.fr\/index.php\/produit\/bracelet-plaque-or-vert-bouteille\/#breadcrumb\"},\"inLanguage\":\"fr-FR\",\"potentialAction\":[{\"@type\":\"ReadAction\",\"target\":[\"https:\/\/www.derniersou.fr\/index.php\/produit\/bracelet-plaque-or-vert-bouteille\/\"]}]},{\"@type\":\"BreadcrumbList\",\"@id\":\"https:\/\/www.derniersou.fr\/index.php\/produit\/bracelet-plaque-or-vert-bouteille\/#breadcrumb\",\"itemListElement\":[{\"@type\":\"ListItem\",\"position\":1,\"name\":\"Accueil\",\"item\":\"https:\/\/www.derniersou.fr\/\"},{\"@type\":\"ListItem\",\"position\":2,\"name\":\"Boutique\",\"item\":\"https:\/\/www.derniersou.fr\/index.php\/boutique\/\"},{\"@type\":\"ListItem\",\"position\":3,\"name\":\"Bracelet PLAQU\u00c9 OR vert bouteille Mr LEYNAUD\"}]},{\"@type\":\"WebSite\",\"@id\":\"https:\/\/www.derniersou.fr\/#website\",\"url\":\"https:\/\/www.derniersou.fr\/\",\"name\":\"LE DERNIER SOU\",\"description\":\"Fabriqu\u00e9 en France\",\"potentialAction\":[{\"@type\":\"SearchAction\",\"target\":{\"@type\":\"EntryPoint\",\"urlTemplate\":\"https:\/\/www.derniersou.fr\/?s={search_term_string}\"},\"query-input\":\"required name=search_term_string\"}],\"inLanguage\":\"fr-FR\"}]}<\/script>\n<!-- \/ Yoast SEO plugin. -->","yoast_head_json":{"title":"Bracelet PLAQU\u00c9 OR vert bouteille Mr LEYNAUD - LE DERNIER SOU","robots":{"index":"index","follow":"follow","max-snippet":"max-snippet:-1","max-image-preview":"max-image-preview:large","max-video-preview":"max-video-preview:-1"},"canonical":"https:\/\/www.derniersou.fr\/index.php\/produit\/bracelet-plaque-or-vert-bouteille\/","og_locale":"fr_FR","og_type":"article","og_title":"Bracelet PLAQU\u00c9 OR vert bouteille Mr LEYNAUD - LE DERNIER SOU","og_description":"Pi\u00e8ce de 10 francs en plaqu\u00e9 or Cordon paracorde vert bouteille","og_url":"https:\/\/www.derniersou.fr\/index.php\/produit\/bracelet-plaque-or-vert-bouteille\/","og_site_name":"LE DERNIER SOU","article_publisher":"https:\/\/www.facebook.com\/lederniersou\/","article_modified_time":"2024-02-12T09:13:44+00:00","twitter_card":"summary_large_image","schema":{"@context":"https:\/\/schema.org","@graph":[{"@type":"WebPage","@id":"https:\/\/www.derniersou.fr\/index.php\/produit\/bracelet-plaque-or-vert-bouteille\/","url":"https:\/\/www.derniersou.fr\/index.php\/produit\/bracelet-plaque-or-vert-bouteille\/","name":"Bracelet PLAQU\u00c9 OR vert bouteille Mr LEYNAUD - LE DERNIER SOU","isPartOf":{"@id":"https:\/\/www.derniersou.fr\/#website"},"datePublished":"2024-02-12T09:12:59+00:00","dateModified":"2024-02-12T09:13:44+00:00","breadcrumb":{"@id":"https:\/\/www.derniersou.fr\/index.php\/produit\/bracelet-plaque-or-vert-bouteille\/#breadcrumb"},"inLanguage":"fr-FR","potentialAction":[{"@type":"ReadAction","target":["https:\/\/www.derniersou.fr\/index.php\/produit\/bracelet-plaque-or-vert-bouteille\/"]}]},{"@type":"BreadcrumbList","@id":"https:\/\/www.derniersou.fr\/index.php\/produit\/bracelet-plaque-or-vert-bouteille\/#breadcrumb","itemListElement":[{"@type":"ListItem","position":1,"name":"Accueil","item":"https:\/\/www.derniersou.fr\/"},{"@type":"ListItem","position":2,"name":"Boutique","item":"https:\/\/www.derniersou.fr\/index.php\/boutique\/"},{"@type":"ListItem","position":3,"name":"Bracelet PLAQU\u00c9 OR vert bouteille Mr LEYNAUD"}]},{"@type":"WebSite","@id":"https:\/\/www.derniersou.fr\/#website","url":"https:\/\/www.derniersou.fr\/","name":"LE DERNIER SOU","description":"Fabriqu\u00e9 en France","potentialAction":[{"@type":"SearchAction","target":{"@type":"EntryPoint","urlTemplate":"https:\/\/www.derniersou.fr\/?s={search_term_string}"},"query-input":"required name=search_term_string"}],"inLanguage":"fr-FR"}]}},"jetpack_sharing_enabled":true,"jetpack-related-posts":[],"jetpack_likes_enabled":true,"_links":{"self":[{"href":"https:\/\/www.derniersou.fr\/index.php\/wp-json\/wp\/v2\/product\/11720","targetHints":{"allow":["GET"]}}],"collection":[{"href":"https:\/\/www.derniersou.fr\/index.php\/wp-json\/wp\/v2\/product"}],"about":[{"href":"https:\/\/www.derniersou.fr\/index.php\/wp-json\/wp\/v2\/types\/product"}],"replies":[{"embeddable":true,"href":"https:\/\/www.derniersou.fr\/index.php\/wp-json\/wp\/v2\/comments?post=11720"}],"wp:attachment":[{"href":"https:\/\/www.derniersou.fr\/index.php\/wp-json\/wp\/v2\/media?parent=11720"}],"wp:term":[{"taxonomy":"product_brand","embeddable":true,"href":"https:\/\/www.derniersou.fr\/index.php\/wp-json\/wp\/v2\/product_brand?post=11720"},{"taxonomy":"product_cat","embeddable":true,"href":"https:\/\/www.derniersou.fr\/index.php\/wp-json\/wp\/v2\/product_cat?post=11720"},{"taxonomy":"product_tag","embeddable":true,"href":"https:\/\/www.derniersou.fr\/index.php\/wp-json\/wp\/v2\/product_tag?post=11720"}],"curies":[{"name":"wp","href":"https:\/\/api.w.org\/{rel}","templated":true}]}}