{"id":10488,"date":"2021-10-15T19:40:05","date_gmt":"2021-10-15T17:40:05","guid":{"rendered":"https:\/\/www.derniersou.fr\/?post_type=product&#038;p=10488"},"modified":"2025-06-24T22:19:41","modified_gmt":"2025-06-24T20:19:41","slug":"larlequin","status":"publish","type":"product","link":"https:\/\/www.derniersou.fr\/index.php\/produit\/larlequin\/","title":{"rendered":"L&rsquo;ARLEQUIN"},"content":{"rendered":"<p>Bracelet Paracorde Multicolore fermoir simple avec deux noeuds coulissants.<\/p>\n<p>Paracorde Multicolore tricolore Rouge et Turquoise d&rsquo;un diam\u00e8tre de 2mm<\/p>\n<p>R\u00e9alis\u00e9 \u00e0 partir d&rsquo;une pi\u00e8ce de 10 francs.<\/p>\n<p>Bracelet <strong>\u201cMade in France\u201d <\/strong>100% fait main \u00e9labor\u00e9 et confectionn\u00e9 par nos soins dans notre Atelier.<\/p>\n<p>Notre bracelet est compos\u00e9 de paracorde et d\u2019une <strong>v\u00e9ritable <\/strong>pi\u00e8ce de monnaie du d\u00e9but du si\u00e8cle dernier.<\/p>\n<p>La paracorde est une corde en nylon multibrin gain\u00e9e l\u00e9g\u00e8re, robuste et \u00e9lastique, initialement utilis\u00e9e pour les suspentes de parachutes am\u00e9ricains durant la Seconde Guerre mondiale. Sa <strong>solidit\u00e9<\/strong> et sa <strong> r\u00e9sistance<\/strong> ne sont donc plus \u00e0 d\u00e9montrer.  <\/p>\n<p>Les bracelets en paracorde sont r\u00e9sistants \u00e0 l\u2019eau et au temps.<\/p>\n<p>Nos bracelets sont ajustables gr\u00e2ce \u00e0 des noeuds coulissants.<\/p>\n","protected":false},"excerpt":{"rendered":"<p>Bracelet L&rsquo;ARLEQUIN<br \/>\nCollection Libert\u00e9 Egalit\u00e9<br \/>\nPi\u00e8ce de 10 francs<br \/>\nParacorde Tricolore Rouge<\/p>\n","protected":false},"featured_media":10464,"comment_status":"open","ping_status":"closed","template":"","meta":{"_mi_skip_tracking":false,"_exactmetrics_sitenote_active":false,"_exactmetrics_sitenote_note":"","_exactmetrics_sitenote_category":0,"jetpack_post_was_ever_published":false,"jetpack_publicize_message":"","jetpack_publicize_feature_enabled":true,"jetpack_social_post_already_shared":true,"jetpack_social_options":{"image_generator_settings":{"template":"highway","enabled":false}}},"product_brand":[],"product_cat":[15,60],"product_tag":[],"class_list":{"0":"post-10488","1":"product","2":"type-product","3":"status-publish","4":"has-post-thumbnail","6":"product_cat-bracelets","7":"product_cat-collection-liberte-egalite","9":"first","10":"instock","11":"shipping-taxable","12":"purchasable","13":"product-type-variable"},"jetpack_publicize_connections":[],"yoast_head":"<!-- This site is optimized with the Yoast SEO plugin v21.5 - https:\/\/yoast.com\/wordpress\/plugins\/seo\/ -->\n<title>L&#039;ARLEQUIN - LE DERNIER SOU<\/title>\n<meta name=\"description\" content=\"Bracelet L&#039;ARLEQUIN - Collection Libert\u00e9 Egalit\u00e9 - Pi\u00e8ce de 10 francs - Paracorde Tricolore Rouge\" \/>\n<meta name=\"robots\" content=\"index, follow, max-snippet:-1, max-image-preview:large, max-video-preview:-1\" \/>\n<link rel=\"canonical\" href=\"https:\/\/www.derniersou.fr\/index.php\/produit\/larlequin\/\" \/>\n<meta property=\"og:locale\" content=\"fr_FR\" \/>\n<meta property=\"og:type\" content=\"article\" \/>\n<meta property=\"og:title\" content=\"L&#039;ARLEQUIN - LE DERNIER SOU\" \/>\n<meta property=\"og:description\" content=\"Bracelet L&#039;ARLEQUIN - Collection Libert\u00e9 Egalit\u00e9 - Pi\u00e8ce de 10 francs - Paracorde Tricolore Rouge\" \/>\n<meta property=\"og:url\" content=\"https:\/\/www.derniersou.fr\/index.php\/produit\/larlequin\/\" \/>\n<meta property=\"og:site_name\" content=\"LE DERNIER SOU\" \/>\n<meta property=\"article:publisher\" content=\"https:\/\/www.facebook.com\/lederniersou\/\" \/>\n<meta property=\"article:modified_time\" content=\"2025-06-24T20:19:41+00:00\" \/>\n<meta property=\"og:image\" content=\"https:\/\/i0.wp.com\/www.derniersou.fr\/wp-content\/uploads\/2021\/10\/LE-DENRIER-SOU-LIBERTE-TRicolore-rouge-scaled.jpeg?fit=1920%2C2560&ssl=1\" \/>\n\t<meta property=\"og:image:width\" content=\"1920\" \/>\n\t<meta property=\"og:image:height\" content=\"2560\" \/>\n\t<meta property=\"og:image:type\" content=\"image\/jpeg\" \/>\n<meta name=\"twitter:card\" content=\"summary_large_image\" \/>\n<meta name=\"twitter:label1\" content=\"Dur\u00e9e de lecture estim\u00e9e\" \/>\n\t<meta name=\"twitter:data1\" content=\"1 minute\" \/>\n<script type=\"application\/ld+json\" class=\"yoast-schema-graph\">{\"@context\":\"https:\/\/schema.org\",\"@graph\":[{\"@type\":\"WebPage\",\"@id\":\"https:\/\/www.derniersou.fr\/index.php\/produit\/larlequin\/\",\"url\":\"https:\/\/www.derniersou.fr\/index.php\/produit\/larlequin\/\",\"name\":\"L'ARLEQUIN - LE DERNIER SOU\",\"isPartOf\":{\"@id\":\"https:\/\/www.derniersou.fr\/#website\"},\"datePublished\":\"2021-10-15T17:40:05+00:00\",\"dateModified\":\"2025-06-24T20:19:41+00:00\",\"description\":\"Bracelet L'ARLEQUIN - Collection Libert\u00e9 Egalit\u00e9 - Pi\u00e8ce de 10 francs - Paracorde Tricolore Rouge\",\"breadcrumb\":{\"@id\":\"https:\/\/www.derniersou.fr\/index.php\/produit\/larlequin\/#breadcrumb\"},\"inLanguage\":\"fr-FR\",\"potentialAction\":[{\"@type\":\"ReadAction\",\"target\":[\"https:\/\/www.derniersou.fr\/index.php\/produit\/larlequin\/\"]}]},{\"@type\":\"BreadcrumbList\",\"@id\":\"https:\/\/www.derniersou.fr\/index.php\/produit\/larlequin\/#breadcrumb\",\"itemListElement\":[{\"@type\":\"ListItem\",\"position\":1,\"name\":\"Accueil\",\"item\":\"https:\/\/www.derniersou.fr\/\"},{\"@type\":\"ListItem\",\"position\":2,\"name\":\"Boutique\",\"item\":\"https:\/\/www.derniersou.fr\/index.php\/boutique\/\"},{\"@type\":\"ListItem\",\"position\":3,\"name\":\"L&rsquo;ARLEQUIN\"}]},{\"@type\":\"WebSite\",\"@id\":\"https:\/\/www.derniersou.fr\/#website\",\"url\":\"https:\/\/www.derniersou.fr\/\",\"name\":\"LE DERNIER SOU\",\"description\":\"Fabriqu\u00e9 en France\",\"potentialAction\":[{\"@type\":\"SearchAction\",\"target\":{\"@type\":\"EntryPoint\",\"urlTemplate\":\"https:\/\/www.derniersou.fr\/?s={search_term_string}\"},\"query-input\":\"required name=search_term_string\"}],\"inLanguage\":\"fr-FR\"}]}<\/script>\n<!-- \/ Yoast SEO plugin. -->","yoast_head_json":{"title":"L'ARLEQUIN - LE DERNIER SOU","description":"Bracelet L'ARLEQUIN - Collection Libert\u00e9 Egalit\u00e9 - Pi\u00e8ce de 10 francs - Paracorde Tricolore Rouge","robots":{"index":"index","follow":"follow","max-snippet":"max-snippet:-1","max-image-preview":"max-image-preview:large","max-video-preview":"max-video-preview:-1"},"canonical":"https:\/\/www.derniersou.fr\/index.php\/produit\/larlequin\/","og_locale":"fr_FR","og_type":"article","og_title":"L'ARLEQUIN - LE DERNIER SOU","og_description":"Bracelet L'ARLEQUIN - Collection Libert\u00e9 Egalit\u00e9 - Pi\u00e8ce de 10 francs - Paracorde Tricolore Rouge","og_url":"https:\/\/www.derniersou.fr\/index.php\/produit\/larlequin\/","og_site_name":"LE DERNIER SOU","article_publisher":"https:\/\/www.facebook.com\/lederniersou\/","article_modified_time":"2025-06-24T20:19:41+00:00","og_image":[{"width":1920,"height":2560,"url":"https:\/\/i0.wp.com\/www.derniersou.fr\/wp-content\/uploads\/2021\/10\/LE-DENRIER-SOU-LIBERTE-TRicolore-rouge-scaled.jpeg?fit=1920%2C2560&ssl=1","type":"image\/jpeg"}],"twitter_card":"summary_large_image","twitter_misc":{"Dur\u00e9e de lecture estim\u00e9e":"1 minute"},"schema":{"@context":"https:\/\/schema.org","@graph":[{"@type":"WebPage","@id":"https:\/\/www.derniersou.fr\/index.php\/produit\/larlequin\/","url":"https:\/\/www.derniersou.fr\/index.php\/produit\/larlequin\/","name":"L'ARLEQUIN - LE DERNIER SOU","isPartOf":{"@id":"https:\/\/www.derniersou.fr\/#website"},"datePublished":"2021-10-15T17:40:05+00:00","dateModified":"2025-06-24T20:19:41+00:00","description":"Bracelet L'ARLEQUIN - Collection Libert\u00e9 Egalit\u00e9 - Pi\u00e8ce de 10 francs - Paracorde Tricolore Rouge","breadcrumb":{"@id":"https:\/\/www.derniersou.fr\/index.php\/produit\/larlequin\/#breadcrumb"},"inLanguage":"fr-FR","potentialAction":[{"@type":"ReadAction","target":["https:\/\/www.derniersou.fr\/index.php\/produit\/larlequin\/"]}]},{"@type":"BreadcrumbList","@id":"https:\/\/www.derniersou.fr\/index.php\/produit\/larlequin\/#breadcrumb","itemListElement":[{"@type":"ListItem","position":1,"name":"Accueil","item":"https:\/\/www.derniersou.fr\/"},{"@type":"ListItem","position":2,"name":"Boutique","item":"https:\/\/www.derniersou.fr\/index.php\/boutique\/"},{"@type":"ListItem","position":3,"name":"L&rsquo;ARLEQUIN"}]},{"@type":"WebSite","@id":"https:\/\/www.derniersou.fr\/#website","url":"https:\/\/www.derniersou.fr\/","name":"LE DERNIER SOU","description":"Fabriqu\u00e9 en France","potentialAction":[{"@type":"SearchAction","target":{"@type":"EntryPoint","urlTemplate":"https:\/\/www.derniersou.fr\/?s={search_term_string}"},"query-input":"required name=search_term_string"}],"inLanguage":"fr-FR"}]}},"jetpack_sharing_enabled":true,"jetpack-related-posts":[],"jetpack_likes_enabled":true,"_links":{"self":[{"href":"https:\/\/www.derniersou.fr\/index.php\/wp-json\/wp\/v2\/product\/10488","targetHints":{"allow":["GET"]}}],"collection":[{"href":"https:\/\/www.derniersou.fr\/index.php\/wp-json\/wp\/v2\/product"}],"about":[{"href":"https:\/\/www.derniersou.fr\/index.php\/wp-json\/wp\/v2\/types\/product"}],"replies":[{"embeddable":true,"href":"https:\/\/www.derniersou.fr\/index.php\/wp-json\/wp\/v2\/comments?post=10488"}],"wp:featuredmedia":[{"embeddable":true,"href":"https:\/\/www.derniersou.fr\/index.php\/wp-json\/wp\/v2\/media\/10464"}],"wp:attachment":[{"href":"https:\/\/www.derniersou.fr\/index.php\/wp-json\/wp\/v2\/media?parent=10488"}],"wp:term":[{"taxonomy":"product_brand","embeddable":true,"href":"https:\/\/www.derniersou.fr\/index.php\/wp-json\/wp\/v2\/product_brand?post=10488"},{"taxonomy":"product_cat","embeddable":true,"href":"https:\/\/www.derniersou.fr\/index.php\/wp-json\/wp\/v2\/product_cat?post=10488"},{"taxonomy":"product_tag","embeddable":true,"href":"https:\/\/www.derniersou.fr\/index.php\/wp-json\/wp\/v2\/product_tag?post=10488"}],"curies":[{"name":"wp","href":"https:\/\/api.w.org\/{rel}","templated":true}]}}